{"id":268,"date":"2024-01-21T17:24:29","date_gmt":"2024-01-21T17:24:29","guid":{"rendered":"https:\/\/zonaled.com.mx\/?page_id=268"},"modified":"2024-01-21T20:40:40","modified_gmt":"2024-01-21T20:40:40","slug":"aviso-de-privacidad","status":"publish","type":"page","link":"https:\/\/zonaled.com.mx\/index.php\/aviso-de-privacidad\/","title":{"rendered":"Aviso de privacidad"},"content":{"rendered":"\t\t<div data-elementor-type=\"wp-page\" data-elementor-id=\"268\" class=\"elementor elementor-268\" data-elementor-post-type=\"page\">\n\t\t\t\t<div class=\"elementor-element elementor-element-cf456a3 e-flex e-con-boxed e-con e-parent\" data-id=\"cf456a3\" data-element_type=\"container\" data-e-type=\"container\">\n\t\t\t\t\t<div class=\"e-con-inner\">\n\t\t\t\t<div class=\"elementor-element elementor-element-13a90cb elementor-widget elementor-widget-heading\" data-id=\"13a90cb\" data-element_type=\"widget\" data-e-type=\"widget\" data-widget_type=\"heading.default\">\n\t\t\t\t<div class=\"elementor-widget-container\">\n\t\t\t\t\t<h2 class=\"elementor-heading-title elementor-size-default\">Aviso de privacidad<\/h2>\t\t\t\t<\/div>\n\t\t\t\t<\/div>\n\t\t\t\t<div class=\"elementor-element elementor-element-3d5f15c elementor-widget elementor-widget-text-editor\" data-id=\"3d5f15c\" data-element_type=\"widget\" data-e-type=\"widget\" data-widget_type=\"text-editor.default\">\n\t\t\t\t<div class=\"elementor-widget-container\">\n\t\t\t\t\t\t\t\t\t<h4>C\u00f3mo protegemos tu informaci\u00f3n personal<\/h4><p>Conforme a lo dispuesto por la Ley Federal de Protecci\u00f3n de Datos Personales en Posesi\u00f3n de los Particulares, su Reglamento y dem\u00e1s disposiciones aplicables de la legislaci\u00f3n mexicana vigente en materia de Protecci\u00f3n de Datos, MARVAIX.COM.MX pone a disposici\u00f3n del USUARIO del sitio web zonaled.com.mx y\/o sus servicios, el presente AVISO DE PRIVACIDAD respecto al tratamiento de DATOS PERSONALES.<\/p><p>Tras la lectura del AVISO DE PRIVACIDAD, si el USUARIO contin\u00faa utilizando los servicios del SITIO WEB, estar\u00e1 manifestando la aceptaci\u00f3n expresa y voluntaria respecto al tratamiento de sus DATOS PERSONALES. Si el USUARIO est\u00e1 en desacuerdo con el AVISO DE PRIVACIDAD deber\u00e1 salir del SITIO WEB.<\/p><h4>I. Definiciones<\/h4><p><strong>AVISO DE PRIVACIDAD:<\/strong>\u00a0el presente documento.<\/p><p><strong>EMPRESA:<\/strong>\u00a0<span style=\"color: var( --e-global-color-text ); text-align: var(--text-align); background-color: var(--ast-global-color-5); font-size: 1rem;\">MARVAIX.COM.MX<\/span><\/p><p><strong>COOKIES:<\/strong>\u00a0Archivos de texto que son descargados autom\u00e1ticamente y almacenados en el disco duro del equipo de c\u00f3mputo del USUARIO al navegar en el SITIO WEB y que permiten recordar al servidor de Internet algunos datos sobre el USUARIO, entre ellos, sus preferencias para la visualizaci\u00f3n de las p\u00e1ginas en ese servidor, nombre y contrase\u00f1a.<\/p><p><strong>DATOS PERSONALES:<\/strong>\u00a0datos de identificaci\u00f3n del USUARIO, as\u00ed como los que \u00e9ste ingrese voluntariamente cuando le sean requeridos por el SITIO WEB.<\/p><p><strong>LEY:<\/strong>\u00a0la Ley Federal de Protecci\u00f3n de Datos Personales en Posesi\u00f3n de los Particulares.<\/p><p><strong>SITIO WEB:<\/strong>\u00a0zonaled.com.mx\u00a0<\/p><p><strong>USUARIO:<\/strong>\u00a0persona f\u00edsica identificable que acceda al SITIO WEB y comunique sus datos personales a trav\u00e9s del mismo o de los servicios disponibles.<\/p><p><strong>WEB BEACONS:<\/strong>\u00a0Im\u00e1genes insertadas en el SITIO WEB que pueden ser utilizadas para monitorear el comportamiento del USUARIO, como almacenar informaci\u00f3n sobre la direcci\u00f3n IP del mismo, el tiempo de interacci\u00f3n el SITIO WEB y el tipo de navegador utilizado, entre otros.<\/p><h4>II. Identidad y domicilio de MARVAIX.COM.MX<\/h4><p><span style=\"color: var( --e-global-color-text ); text-align: var(--text-align); background-color: var(--ast-global-color-5); font-size: 1rem;\">MARVAIX.COM.MX<\/span>, con domicilio en:\u00a0 ______________________________________________________________________es responsable del tratamiento de los DATOS PERSONALES del USUARIO a partir del momento en que \u00e9ste voluntariamente se los comunica.<\/p><h4>III. Contacto<\/h4><p><strong>Domicilio:<\/strong>\u00a0________________________________________<br \/><strong>Correo electr\u00f3nico:<\/strong>\u00a0_________________________________<\/p><h4>IV. Finalidad de recabar y utilizar los datos personales<\/h4><p>Los DATOS PERSONALES solicitados y recabados a trav\u00e9s del SITIO WEB ser\u00e1n utilizados para las siguientes finalidades necesarias del servicio solicitado por el USUARIO:<\/p><ul><li><p><strong>Compra y entrega de productos y servicios<\/strong>\u00a0Usamos sus datos personales para tomar y manejar pedidos, entregar productos y servicios, procesar pagos y comunicarnos con usted acerca de pedidos, productos y servicios, y ofertas promocionales.<\/p><\/li><li><p><strong>Comunicarnos con usted<\/strong>\u00a0Utilizamos sus datos personales para comunicarnos con usted en relaci\u00f3n con los Servicios de MARVAIX.COM.MX\u00a0a trav\u00e9s de diferentes canales (por ejemplo, por tel\u00e9fono, correo electr\u00f3nico, whatsapp y SMS).<\/p><\/li><li><p><strong>Prevenci\u00f3n de Fraude y Riesgos de Cr\u00e9dito<\/strong>\u00a0Utilizamos datos personales para prevenir y detectar fraudes y abusos con el fin de proteger la seguridad de nuestros clientes. Tambi\u00e9n podemos utilizar m\u00e9todos de puntuaci\u00f3n para evaluar y gestionar los riesgos crediticios.<br \/>Verificar su identidad.<\/p><\/li><li><p><strong>Publicidad<\/strong>\u00a0Utilizamos sus datos personales para mostrar anuncios basados en intereses de caracter\u00edsticas, productos y servicios que puedan ser de su inter\u00e9s. No utilizamos datos que lo identifiquen personalmente para mostrar anuncios basados en intereses.<\/p><\/li><li><p><strong>Marketing<\/strong>\u00a0Utilizamos sus datos personales para enviarle correos electr\u00f3nicos u otras comunicaciones sobre caracter\u00edsticas, productos y servicios que puedan ser de su inter\u00e9s. Podr\u00e1 modificar o cancelar la suscripci\u00f3n al sistema de correos promocionales cuando lo desee.<\/p><\/li><\/ul><p>Adicionalmente, los DATOS PERSONALES del USUARIO ser\u00e1n utilizados para brindar una mejor atenci\u00f3n en cuanto a la oferta, calidad, cambios, dar cumplimiento a obligaciones contra\u00eddas con clientes o proveedores y en general informar de los productos y servicios de\u00a0<span style=\"color: var( --e-global-color-text ); text-align: var(--text-align); background-color: var(--ast-global-color-5); font-size: 1rem;\">MARVAIX.COM.MX.<\/span><\/p><p>En caso de que el USUARIO no desee que los DATOS PERSONALES sean tratados para los fines adicionales, deber\u00e1 solicitar la limitaci\u00f3n de su uso v\u00eda correo electr\u00f3nico de CONTACTO.<\/p><h4>V. Forma de recabar los datos personales<\/h4><p>Para las finalidades se\u00f1aladas en el punto IV del presente AVISO DE PRIVACIDAD, los DATOS PERSONALES pueden recabarse cuando:<\/p><ol><li>El USUARIO los proporciona directamente;<\/li><li>El USUARIO visita el SITIO WEB, o bien utiliza los servicios en l\u00ednea contenidos en el mismo; y<\/li><li>Se obtiene informaci\u00f3n a trav\u00e9s de otras fuentes que est\u00e1n permitidas por la LEY.<\/li><\/ol><p>Los DATOS PERSONALES recabados de forma directa, conforme al numeral 1, pueden ser, entre otros:<\/p><ul><li>Nombre o apodo<\/li><li>Informaci\u00f3n de contacto: correo electr\u00f3nico, tel\u00e9fono, n\u00famero de celular<\/li><li>N\u00famero de identificaci\u00f3n o documento de identificaci\u00f3n v\u00e1lido<\/li><li>Datos de cuenta bancaria<\/li><li>Informaci\u00f3n y medios de pago<\/li><\/ul><p>Los DATOS PERSONALES recabados conforme al numeral 2 pueden ser:<\/p><ul><li>Informaci\u00f3n de los dispositivos o computadoras desde los que el usuario accede al sitio y otros datos capturados autom\u00e1ticamente (como el tipo o versi\u00f3n del navegador y los datos de conexi\u00f3n)<\/li><li>Direcci\u00f3n IP de internet que el usuario utiliza al conectarse a los servicios del sitio<br \/>Informaci\u00f3n transaccional y movimientos dentro del sitio (compras, pagos, devoluciones, reclamos, facturaci\u00f3n, datos fiscales)<\/li><li>Cierta informaci\u00f3n sobre la actividad de los usuarios y visitantes dentro de nuestro sitio web y apps. Como por ejemplo, la URL de la que provienen, p\u00e1ginas que visitan dentro del sitio, b\u00fasquedas realizadas, entre otra informaci\u00f3n.<\/li><li>Informaci\u00f3n sobre la ubicaci\u00f3n o geolocalizaci\u00f3n del usuario<\/li><\/ul><p>Los DATOS PERSONALES recabados conforme al numeral 3, tales como directorios telef\u00f3nicos o laborales, pueden ser:<\/p><ul><li>Informaci\u00f3n recopilada para finalidades de prevenci\u00f3n de fraude y cumplimiento de reg\u00edmenes informativos.<\/li><li>Datos que se utilizan para la validaci\u00f3n de identidad, obtenidos de fuentes confiables y seguras.<\/li><\/ul><h4>VI. Limitaci\u00f3n de datos personales<\/h4><p>El USUARIO puede limitar los mensajes promocionales o publicitarios en caso de no desear recibirlos. Para ello, el USUARIO deber\u00e1 enviar un correo electr\u00f3nico a _____________________________________ especificando el tipo de mensajes que no desea recibir.<\/p><h4>VII. Derechos ARCO<\/h4><p>El USUARIO tiene derecho a acceder, rectificar y cancelar los DATOS PERSONALES, as\u00ed como a oponerse al tratamiento de los mismos o bien, revocar el consentimiento que para tal fin haya otorgado conforme a lo establecido la parte introductoria del AVISO DE PRIVACIDAD.<\/p><p>El USUARIO puede realizar su petici\u00f3n enviando un correo electr\u00f3nico a: _____________________________\u00a0o por escrito a la siguiente direcci\u00f3n: __________________________________________________________________________. En la petici\u00f3n se deber\u00e1 especificar el derecho ARCO (acceder, rectificar, cancelar u oposici\u00f3n) requerido.<\/p><h4>VIII. Transferencia de datos personales<\/h4><p><span style=\"color: var( --e-global-color-text ); text-align: var(--text-align); background-color: var(--ast-global-color-5); font-size: 1rem;\">MARVAIX.COM.MX<\/span>, se compromete a no transferir su informaci\u00f3n a terceros, salvo las excepciones previstas en el art\u00edculo 37 de la LEY y en su caso, realizar las citadas transferencias respetando las condiciones especificadas en la misma.<\/p><p>Art\u00edculo 37.- Las transferencias nacionales o internacionales de datos podr\u00e1n llevarse a cabo sin el consentimiento del titular cuando se d\u00e9 alguno de los siguientes supuestos:<\/p><p>I. Cuando la transferencia est\u00e9 prevista en una Ley o Tratado en los que M\u00e9xico sea parte;<\/p><p>II. Cuando la transferencia sea necesaria para la prevenci\u00f3n o el diagn\u00f3stico m\u00e9dico, la prestaci\u00f3n de asistencia sanitaria, tratamiento m\u00e9dico o la gesti\u00f3n de servicios sanitarios;<\/p><p>III. Cuando la transferencia sea efectuada a sociedades controladoras, subsidiarias o afiliadas bajo el control com\u00fan del responsable, o a una sociedad matriz o a cualquier sociedad del mismo grupo del responsable que opere bajo los mismos procesos y pol\u00edticas internas;<\/p><p>IV. Cuando la transferencia sea necesaria por virtud de un contrato celebrado o por celebrar en inter\u00e9s del titular, por el responsable y un tercero;<\/p><p>V. Cuando la transferencia sea necesaria o legalmente exigida para la salvaguarda de un inter\u00e9s p\u00fablico, o para la procuraci\u00f3n o administraci\u00f3n de justicia;<\/p><p>VI. Cuando la transferencia sea precisa para el reconocimiento, ejercicio o defensa de un derecho en un proceso judicial, y<\/p><p>VII. Cuando la transferencia sea precisa para el mantenimiento o cumplimiento de una relaci\u00f3n jur\u00eddica entre el responsable y el titular.<\/p><p>Si el USUARIO no manifiesta oposici\u00f3n para que los DATOS PERSONALES sean transferidos, se entender\u00e1 que ha otorgado su consentimiento para ello. El USUARIO puede manifestar oposici\u00f3n a trav\u00e9s del correo: _____________________________________<\/p><p><span style=\"color: var(--ast-global-color-2); font-size: 1.25rem; font-style: inherit; font-weight: 600; text-align: var(--text-align); background-color: var(--ast-global-color-5);\">Actualizaci\u00f3n y modificaci\u00f3n del aviso de privacidad<\/span><\/p><p><span style=\"color: var( --e-global-color-text ); text-align: var(--text-align); background-color: var(--ast-global-color-5); font-size: 1rem;\">MARVAIX.COM.MX<\/span>, se reserva el derecho de efectuar en cualquier momento modificaciones o actualizaciones al AVISO DE PRIVACIDAD, para la atenci\u00f3n de novedades legislativas, pol\u00edticas internas o nuevos requerimientos para la prestaci\u00f3n u ofrecimiento de los servicios o productos.<\/p><p>Las actualizaciones estar\u00e1n a disposici\u00f3n del USUARIO a trav\u00e9s del presente AVISO DE PRIVACIDAD o v\u00eda correo electr\u00f3nico al \u00faltimo que haya proporcionado directamente en el SITIO WEB.<\/p><h4>X. Cookies y Web beacons<\/h4><p>Le informamos que el SITIO WEB utiliza COOKIES y WEB BEACONS para obtener informaci\u00f3n del USUARIO tal y como:<\/p><ul><li>Tipo de navegador y sistema operativo.<\/li><li>Las p\u00e1ginas de Internet previamente visitadas por el USUARIO.<\/li><li>Los v\u00ednculos que el USUARIO sigue.<\/li><li>La direcci\u00f3n IP.<\/li><li>Entre otras relacionadas.<\/li><\/ul><p>Estas cookies y otras tecnolog\u00edas pueden ser deshabilitadas. Para conocer c\u00f3mo hacerlo, el usuario puede escribir a la siguiente direcci\u00f3n electr\u00f3nica: __________________________<\/p><h4>XI. Sistema de seguridad o protecci\u00f3n de datos personales<\/h4><p>El SITIO WEB se encuentra protegido por un servidor seguro bajo el protocolo Secure Socket Layer (SSL), de tal forma que los datos enviados se transmitir\u00e1n encriptados para asegurar su resguardo. Para verificar que se encuentra en un entorno protegido aseg\u00farese de que aparezca una \u201cS\u201d en la barra de navegaci\u00f3n. La protecci\u00f3n de los datos enviados a trav\u00e9s del SITIO WEB no se garantizan al 100%, por lo que MARVAIX.COM.MX, se compromete a hacer todo lo posible por salvaguardar la informaci\u00f3n.<\/p><h4>XII. Queja por uso indebido de datos personales<\/h4><p>Si el USUARIO considera que su derecho de protecci\u00f3n de DATOS PERSONALES ha sido lesionado por alguna conducta o presume que en el tratamiento de los DATOS PERSONALES existe alguna violaci\u00f3n a las disposiciones previstas en la LEY, el USUARIO podr\u00e1 interponer la queja o denuncia correspondiente ante el IFAI.<\/p><p>Para mayor informaci\u00f3n favor de visitar el\u00a0<a href=\"https:\/\/www.enviaflores.com\/faq\/view\/18\/www.ifai.org.mx\">www.ifai.org.mx<\/a><\/p><h4>XIII Derechos de eliminaci\u00f3n de datos personales<\/h4><p>El titular de la informaci\u00f3n tiene derecho a solicitar la eliminaci\u00f3n definitiva de todos sus datos personales. Para ejercer el derecho de eliminaci\u00f3n de datos personales el titular deber\u00e1 enviar un correo a: ____________________________.<\/p><p>Este correo deber\u00e1 contener lo siguiente:<\/p><ol><li>El nombre, domicilio del titular y medio de contacto para recibir la respuesta.<\/li><li>Documentos que acrediten su identidad (INE, Pasaporte, etc.)<\/li><li>Descripci\u00f3n clara de los datos personales que desea eliminar<\/li><\/ol><p><span style=\"color: var( --e-global-color-text ); text-align: var(--text-align); background-color: var(--ast-global-color-5); font-size: 1rem;\">MARVAIX.COM.MX<\/span>\u00a0resolver\u00e1 la solicitud en un plazo m\u00e1ximo de 30 d\u00edas h\u00e1biles a partir de la fecha de consulta. Si no es posible responder su reclamo dentro del t\u00e9rmino mencionado, le haremos saber la situaci\u00f3n y la explicaci\u00f3n del retraso.<\/p>\t\t\t\t\t\t\t\t<\/div>\n\t\t\t\t<\/div>\n\t\t\t\t\t<\/div>\n\t\t\t\t<\/div>\n\t\t\t\t<\/div>\n\t\t","protected":false},"excerpt":{"rendered":"<p>Aviso de privacidad C\u00f3mo protegemos tu informaci\u00f3n personal Conforme a lo dispuesto por la Ley Federal de Protecci\u00f3n de Datos [&hellip;]<\/p>\n","protected":false},"author":1,"featured_media":0,"parent":0,"menu_order":0,"comment_status":"closed","ping_status":"closed","template":"","meta":{"site-sidebar-layout":"no-sidebar","site-content-layout":"","ast-site-content-layout":"full-width-container","site-content-style":"default","site-sidebar-style":"default","ast-global-header-display":"","ast-banner-title-visibility":"","ast-main-header-display":"","ast-hfb-above-header-display":"","ast-hfb-below-header-display":"","ast-hfb-mobile-header-display":"","site-post-title":"disabled","ast-breadcrumbs-content":"","ast-featured-img":"disabled","footer-sml-layout":"","ast-disable-related-posts":"","theme-transparent-header-meta":"","adv-header-id-meta":"","stick-header-meta":"","header-above-stick-meta":"","header-main-stick-meta":"","header-below-stick-meta":"","astra-migrate-meta-layouts":"default","ast-page-background-enabled":"default","ast-page-background-meta":{"desktop":{"background-color":"var(--ast-global-color-4)","background-image":"","background-repeat":"repeat","background-position":"center center","background-size":"auto","background-attachment":"scroll","background-type":"","background-media":"","overlay-type":"","overlay-color":"","overlay-opacity":"","overlay-gradient":""},"tablet":{"background-color":"","background-image":"","background-repeat":"repeat","background-position":"center center","background-size":"auto","background-attachment":"scroll","background-type":"","background-media":"","overlay-type":"","overlay-color":"","overlay-opacity":"","overlay-gradient":""},"mobile":{"background-color":"","background-image":"","background-repeat":"repeat","background-position":"center center","background-size":"auto","background-attachment":"scroll","background-type":"","background-media":"","overlay-type":"","overlay-color":"","overlay-opacity":"","overlay-gradient":""}},"ast-content-background-meta":{"desktop":{"background-color":"var(--ast-global-color-5)","background-image":"","background-repeat":"repeat","background-position":"center center","background-size":"auto","background-attachment":"scroll","background-type":"","background-media":"","overlay-type":"","overlay-color":"","overlay-opacity":"","overlay-gradient":""},"tablet":{"background-color":"var(--ast-global-color-5)","background-image":"","background-repeat":"repeat","background-position":"center center","background-size":"auto","background-attachment":"scroll","background-type":"","background-media":"","overlay-type":"","overlay-color":"","overlay-opacity":"","overlay-gradient":""},"mobile":{"background-color":"var(--ast-global-color-5)","background-image":"","background-repeat":"repeat","background-position":"center center","background-size":"auto","background-attachment":"scroll","background-type":"","background-media":"","overlay-type":"","overlay-color":"","overlay-opacity":"","overlay-gradient":""}},"_joinchat":[],"footnotes":""},"class_list":["post-268","page","type-page","status-publish","hentry"],"_links":{"self":[{"href":"https:\/\/zonaled.com.mx\/index.php\/wp-json\/wp\/v2\/pages\/268","targetHints":{"allow":["GET"]}}],"collection":[{"href":"https:\/\/zonaled.com.mx\/index.php\/wp-json\/wp\/v2\/pages"}],"about":[{"href":"https:\/\/zonaled.com.mx\/index.php\/wp-json\/wp\/v2\/types\/page"}],"author":[{"embeddable":true,"href":"https:\/\/zonaled.com.mx\/index.php\/wp-json\/wp\/v2\/users\/1"}],"replies":[{"embeddable":true,"href":"https:\/\/zonaled.com.mx\/index.php\/wp-json\/wp\/v2\/comments?post=268"}],"version-history":[{"count":22,"href":"https:\/\/zonaled.com.mx\/index.php\/wp-json\/wp\/v2\/pages\/268\/revisions"}],"predecessor-version":[{"id":443,"href":"https:\/\/zonaled.com.mx\/index.php\/wp-json\/wp\/v2\/pages\/268\/revisions\/443"}],"wp:attachment":[{"href":"https:\/\/zonaled.com.mx\/index.php\/wp-json\/wp\/v2\/media?parent=268"}],"curies":[{"name":"wp","href":"https:\/\/api.w.org\/{rel}","templated":true}]}}